{"id":271,"date":"2017-04-28T13:10:57","date_gmt":"2017-04-28T13:10:57","guid":{"rendered":"http:\/\/rasf.eu\/?page_id=271"},"modified":"2026-04-04T13:18:56","modified_gmt":"2026-04-04T12:18:56","slug":"rasf-in-den-medien","status":"publish","type":"page","link":"https:\/\/rasf.eu\/?page_id=271&lang=de","title":{"rendered":"RASF in the Media"},"content":{"rendered":"<p><em>English-language newspaper articles and TV features can be found under &#8222;Startseite&#8220;. A detailed overview of our media coverage can be found at: <a href=\"https:\/\/bennofluegel.de\/media\/\">https:\/\/bennofluegel.de\/media\/<\/a><\/em><\/p>\n<p>Die RASF zeigt nicht nur Pr\u00e4senz im \u00f6ffentlichen Raum, sondern auch in Presse und Rundfunk. So hat ein Kolumnist der Bild am Sonntag wegen unserer Flyer sein Leben ge\u00e4ndert, und ein Fotograf der dpa hat unser Banner auf der revolution\u00e4ren 1. Mai Demo in Kreuzberg abgelichtet. Au\u00dferdem steht in der Vice, warum wir es f\u00fcr wichtiger halten, mal \u00f6fter mit seinen Freunden abzuh\u00e4ngen, statt permanent mit seinem Smartphone besch\u00e4ftigt zu sein. Weiterhin hat der Bayerische Rundfunk einen sch\u00f6nen Beitrag \u00fcber uns gebracht, sowohl in Text als auch Audio. Die RASF schl\u00e4gt auch schon im Ausland hohe Wellen, wie ein Artikel in einem japanischen Medium beweist. Ausgew\u00e4hlte Beitr\u00e4ge unserer Aktionen vom Februar\/M\u00e4rz 2026 findet ihr direkt auf unserer Startseite und das detaillierte Medienecho auf der Website unseres Co-Gr\u00fcnders Benno Fl\u00fcgel: <a href=\"https:\/\/bennofluegel.de\/media\/\">https:\/\/bennofluegel.de\/media\/<\/a><\/p>\n<p><strong>Vice<\/strong><\/p>\n<p><img loading=\"lazy\" decoding=\"async\" class=\"alignnone size-large wp-image-333\" src=\"http:\/\/rasf.eu\/wp-content\/uploads\/2017\/04\/1494010201612-IMG_1365-1024x576.jpg\" alt=\"\" width=\"525\" height=\"295\" srcset=\"https:\/\/rasf.eu\/wp-content\/uploads\/2017\/04\/1494010201612-IMG_1365-1024x576.jpg 1024w, https:\/\/rasf.eu\/wp-content\/uploads\/2017\/04\/1494010201612-IMG_1365-300x169.jpg 300w, https:\/\/rasf.eu\/wp-content\/uploads\/2017\/04\/1494010201612-IMG_1365-768x432.jpg 768w, https:\/\/rasf.eu\/wp-content\/uploads\/2017\/04\/1494010201612-IMG_1365.jpg 1440w\" sizes=\"auto, (max-width: 525px) 100vw, 525px\" \/><\/p>\n<p>Foto: Lea Albring<\/p>\n<p>&#8222;Durch solche Aktionen wollen wir einfach Menschen erreichen, wir wollen analog viral gehen.&#8220;<\/p>\n<p>&#8222;Wir sind ein soziales Netzwerk, ohne ein soziales Netzwerk zu sein.&#8220;<\/p>\n<p>Quelle: Vice<\/p>\n<p><a href=\"https:\/\/www.vice.com\/de\/article\/wie-die-radikale-anti-smartphone-front-dafur-kampft-dass-du-seltener-auf-dein-handy-guckst\">https:\/\/www.vice.com\/de\/article\/wie-die-radikale-anti-smartphone-front-dafur-kampft-dass-du-seltener-auf-dein-handy-guckst<\/a><\/p>\n<p><strong>Tagesspiegel<\/strong><\/p>\n<p><img loading=\"lazy\" decoding=\"async\" class=\"alignnone size-large wp-image-294\" src=\"http:\/\/rasf.eu\/wp-content\/uploads\/2017\/04\/1-format1012-1024x683.jpg\" alt=\"\" width=\"525\" height=\"350\" srcset=\"https:\/\/rasf.eu\/wp-content\/uploads\/2017\/04\/1-format1012-1024x683.jpg 1024w, https:\/\/rasf.eu\/wp-content\/uploads\/2017\/04\/1-format1012-300x200.jpg 300w, https:\/\/rasf.eu\/wp-content\/uploads\/2017\/04\/1-format1012-768x512.jpg 768w, https:\/\/rasf.eu\/wp-content\/uploads\/2017\/04\/1-format1012.jpg 1365w\" sizes=\"auto, (max-width: 525px) 100vw, 525px\" \/><\/p>\n<p>Foto: Ralf Hirschberger\/dpa<\/p>\n<p><em>Die &#8222;Radikale Anti Smartphone Front&#8220; (RASF) ist auch dabei am 1. Mai in Kreuzberg. Ihre Message: Lieben statt Liken<\/em>.<\/p>\n<p>Quelle: Tagesspiegel, <a href=\"http:\/\/www.tagesspiegel.de\/berlin\/1-mai-in-berlin-friedliche-demos-in-kreuzberg-antifa-proteste-in-pankow\/19740470.html\">http:\/\/www.tagesspiegel.de\/berlin\/1-mai-in-berlin-friedliche-demos-in-kreuzberg-antifa-proteste-in-pankow\/19740470.html<\/a><\/p>\n<p><strong>Apps.jp<\/strong><\/p>\n<p><img loading=\"lazy\" decoding=\"async\" class=\"alignnone  wp-image-428\" src=\"http:\/\/rasf.eu\/wp-content\/uploads\/2019\/12\/rasf.jpg\" alt=\"\" width=\"606\" height=\"579\" srcset=\"https:\/\/rasf.eu\/wp-content\/uploads\/2019\/12\/rasf.jpg 864w, https:\/\/rasf.eu\/wp-content\/uploads\/2019\/12\/rasf-300x286.jpg 300w, https:\/\/rasf.eu\/wp-content\/uploads\/2019\/12\/rasf-768x733.jpg 768w\" sizes=\"auto, (max-width: 606px) 100vw, 606px\" \/>Quelle:<a href=\"http:\/\/www.appps.jp\/265317\/\">\u00a0https:\/\/www.appps.jp\/265317\/<\/a><\/p>\n<p><strong>Bayerischer Rundfunk<\/strong><\/p>\n<p><a href=\"http:\/\/www.br.de\/nachrichten\/radikale-anti-smartphone-front-104.html\">Anti-Smartphone-Bewegung: &#8222;Lieben statt liken&#8220;<\/a><\/p>\n<p>Radiobeitrag in Bayern 2 \u00fcber die Probleme, die exzessiver Smartphone Konsum birgt, mit kleiner Erw\u00e4hnung der RASF.<\/p>\n<audio class=\"wp-audio-shortcode\" id=\"audio-271-1\" preload=\"none\" style=\"width: 100%;\" controls=\"controls\"><source type=\"audio\/mpeg\" src=\"http:\/\/rasf.eu\/wp-content\/uploads\/2017\/04\/RASF-im-BR.mp3?_=1\" \/><a href=\"http:\/\/rasf.eu\/wp-content\/uploads\/2017\/04\/RASF-im-BR.mp3\">http:\/\/rasf.eu\/wp-content\/uploads\/2017\/04\/RASF-im-BR.mp3<\/a><\/audio>\n<p><strong>Bild am Sonntag<br \/>\n<\/strong><\/p>\n<p>Der Sportchef der Bild am Sonntag Michael Witt hat ebenfalls einen unserer Flyer in der U-Bahn gefunden und daraufhin sein Leben ge\u00e4ndert. Mehr erfahrt ihr in seiner Kolumne &#8222;Mein Leben als Mann&#8220;.<\/p>\n<p><a href=\"http:\/\/www.bild.de\/lifestyle\/2017\/michael-witt\/zum-glueck-bin-ich-nicht-handysuechtig-51213878.bild.html\">http:\/\/www.bild.de\/lifestyle\/2017\/michael-witt\/zum-glueck-bin-ich-nicht-handysuechtig-51213878.bild.html<\/a><\/p>\n<p><strong>Weitere Artikel<\/strong><\/p>\n<p><a href=\"http:\/\/www.kuk-nk.de\/?p=5863#more-5863\">Das Neuk\u00f6llner Kiezmagazin Kiez und Kneipe in der Juli Ausgabe<\/a><\/p>\n<p><a href=\"https:\/\/www.exberliner.com\/features\/zeitgeist\/digital-free-safe-spaces\/\">The Exberliner Magazine about digital-free save spaces and the RASF<\/a><\/p>\n<p><a href=\"https:\/\/www.gim-radar.de\/ablasshandel-2-0-kauf-dich-frei-freedom-4-sale\/\">GIM Radar<\/a><\/p>\n<p><a href=\"https:\/\/www.fluter.de\/was-tun-gegen-smartphone-sucht\">Fluter<\/a><\/p>\n<p><a href=\"https:\/\/www.gruenderszene.de\/allgemein\/thesen-smartphone-erwiderung-2\">Eine (schlechte) Erwiderung unserer Thesen in der Gr\u00fcnderszene<\/a><\/p>\n<p><a href=\"https:\/\/www.macwelt.de\/a\/lieben-statt-liken-manifest-gegen-ausufernden-smartphone-gebrauch,3437167\">Ein Beitrag in der Macwelt<\/a><\/p>\n<p><a href=\"https:\/\/www.smartphonepiloten.de\/news\/rasf-was-es-mit-der-anti-smartphone-bewegung-auf-sich-hat\">Die Smartphonepiloten \u00fcber uns<\/a><\/p>\n<p><a href=\"https:\/\/www.sueddeutsche.de\/medien\/neues-format-fuer-junge-leute-plaudern-wie-zu-hause-1.3901718\">Eine Erw\u00e4hnung in der S\u00fcddeutschen Zeitung<\/a><\/p>\n","protected":false},"excerpt":{"rendered":"<p>English-language newspaper articles and TV features can be found under &#8222;Startseite&#8220;. A detailed overview of our media coverage can be found at: https:\/\/bennofluegel.de\/media\/ Die RASF zeigt nicht nur Pr\u00e4senz im \u00f6ffentlichen Raum, sondern auch in Presse und Rundfunk. So hat ein Kolumnist der Bild am Sonntag wegen unserer Flyer sein Leben ge\u00e4ndert, und ein Fotograf &hellip; <\/p>\n<p class=\"link-more\"><a href=\"https:\/\/rasf.eu\/?page_id=271&#038;lang=de\" class=\"more-link\"><span class=\"screen-reader-text\">\u201eRASF in the Media\u201c <\/span>weiterlesen<\/a><\/p>\n","protected":false},"author":1,"featured_media":0,"parent":0,"menu_order":0,"comment_status":"closed","ping_status":"closed","template":"","meta":{"_bbp_topic_count":0,"_bbp_reply_count":0,"_bbp_total_topic_count":0,"_bbp_total_reply_count":0,"_bbp_voice_count":0,"_bbp_anonymous_reply_count":0,"_bbp_topic_count_hidden":0,"_bbp_reply_count_hidden":0,"_bbp_forum_subforum_count":0,"footnotes":""},"class_list":["post-271","page","type-page","status-publish","hentry"],"_links":{"self":[{"href":"https:\/\/rasf.eu\/index.php?rest_route=\/wp\/v2\/pages\/271","targetHints":{"allow":["GET"]}}],"collection":[{"href":"https:\/\/rasf.eu\/index.php?rest_route=\/wp\/v2\/pages"}],"about":[{"href":"https:\/\/rasf.eu\/index.php?rest_route=\/wp\/v2\/types\/page"}],"author":[{"embeddable":true,"href":"https:\/\/rasf.eu\/index.php?rest_route=\/wp\/v2\/users\/1"}],"replies":[{"embeddable":true,"href":"https:\/\/rasf.eu\/index.php?rest_route=%2Fwp%2Fv2%2Fcomments&post=271"}],"version-history":[{"count":45,"href":"https:\/\/rasf.eu\/index.php?rest_route=\/wp\/v2\/pages\/271\/revisions"}],"predecessor-version":[{"id":813,"href":"https:\/\/rasf.eu\/index.php?rest_route=\/wp\/v2\/pages\/271\/revisions\/813"}],"wp:attachment":[{"href":"https:\/\/rasf.eu\/index.php?rest_route=%2Fwp%2Fv2%2Fmedia&parent=271"}],"curies":[{"name":"wp","href":"https:\/\/api.w.org\/{rel}","templated":true}]}}